{"id":1566,"date":"2026-03-16T16:28:22","date_gmt":"2026-03-16T15:28:22","guid":{"rendered":"https:\/\/alexismonod.com\/?page_id=1566"},"modified":"2026-04-04T13:04:45","modified_gmt":"2026-04-04T11:04:45","slug":"blog-chocolatier-a-nice","status":"publish","type":"page","link":"https:\/\/alexismonod.com\/blog-chocolatier-a-nice\/","title":{"rendered":"Blog"},"content":{"rendered":"\t\t<div data-elementor-type=\"wp-page\" data-elementor-id=\"1566\" class=\"elementor elementor-1566\" data-elementor-post-type=\"page\">\n\t\t\t\t\t\t<section class=\"elementor-section elementor-top-section elementor-element elementor-element-78ea5e1b elementor-section-boxed elementor-section-height-default elementor-section-height-default\" data-id=\"78ea5e1b\" data-element_type=\"section\" data-e-type=\"section\">\n\t\t\t\t\t\t<div class=\"elementor-container elementor-column-gap-default\">\n\t\t\t\t\t<div class=\"elementor-column elementor-col-100 elementor-top-column elementor-element elementor-element-308172c5\" data-id=\"308172c5\" data-element_type=\"column\" data-e-type=\"column\">\n\t\t\t<div class=\"elementor-widget-wrap elementor-element-populated\">\n\t\t\t\t\t\t<section class=\"elementor-section elementor-inner-section elementor-element elementor-element-67fd1ba7 elementor-section-boxed elementor-section-height-default elementor-section-height-default elementor-invisible\" data-id=\"67fd1ba7\" data-element_type=\"section\" data-e-type=\"section\" data-settings=\"{&quot;background_background&quot;:&quot;gradient&quot;,&quot;animation&quot;:&quot;fadeIn&quot;,&quot;animation_delay&quot;:200}\">\n\t\t\t\t\t\t\t<div class=\"elementor-background-overlay\"><\/div>\n\t\t\t\t\t\t\t<div class=\"elementor-container elementor-column-gap-default\">\n\t\t\t\t\t<div class=\"elementor-column elementor-col-100 elementor-inner-column elementor-element elementor-element-7a7f28b7\" data-id=\"7a7f28b7\" data-element_type=\"column\" data-e-type=\"column\">\n\t\t\t<div class=\"elementor-widget-wrap elementor-element-populated\">\n\t\t\t\t\t\t<div class=\"elementor-element elementor-element-7916d07f elementor-widget elementor-widget-heading\" data-id=\"7916d07f\" data-element_type=\"widget\" data-e-type=\"widget\" data-widget_type=\"heading.default\">\n\t\t\t\t\t<h1 class=\"elementor-heading-title elementor-size-default\">Blog<\/h1>\t\t\t\t<\/div>\n\t\t\t\t\t<\/div>\n\t\t<\/div>\n\t\t\t\t\t<\/div>\n\t\t<\/section>\n\t\t\t\t\t<\/div>\n\t\t<\/div>\n\t\t\t\t\t<\/div>\n\t\t<\/section>\n\t\t\t\t<section class=\"elementor-section elementor-top-section elementor-element elementor-element-16b00e81 elementor-section-boxed elementor-section-height-default elementor-section-height-default elementor-invisible\" data-id=\"16b00e81\" data-element_type=\"section\" data-e-type=\"section\" data-settings=\"{&quot;animation&quot;:&quot;fadeIn&quot;,&quot;animation_delay&quot;:300}\">\n\t\t\t\t\t\t<div class=\"elementor-container elementor-column-gap-no\">\n\t\t\t\t\t<div class=\"elementor-column elementor-col-100 elementor-top-column elementor-element elementor-element-6dbca16e\" data-id=\"6dbca16e\" data-element_type=\"column\" data-e-type=\"column\">\n\t\t\t<div class=\"elementor-widget-wrap elementor-element-populated\">\n\t\t\t\t\t\t<div class=\"elementor-element elementor-element-2f7b3df9 elementor-grid-3 elementor-grid-tablet-2 elementor-grid-mobile-1 elementor-posts--thumbnail-top elementor-posts__hover-gradient load-more-align-center elementor-widget elementor-widget-archive-posts\" data-id=\"2f7b3df9\" data-element_type=\"widget\" data-e-type=\"widget\" data-settings=\"{&quot;pagination_type&quot;:&quot;load_more_on_click&quot;,&quot;archive_cards_row_gap_tablet&quot;:{&quot;unit&quot;:&quot;px&quot;,&quot;size&quot;:21,&quot;sizes&quot;:[]},&quot;archive_cards_row_gap_mobile&quot;:{&quot;unit&quot;:&quot;px&quot;,&quot;size&quot;:14,&quot;sizes&quot;:[]},&quot;archive_cards_columns&quot;:&quot;3&quot;,&quot;archive_cards_columns_tablet&quot;:&quot;2&quot;,&quot;archive_cards_columns_mobile&quot;:&quot;1&quot;,&quot;archive_cards_row_gap&quot;:{&quot;unit&quot;:&quot;px&quot;,&quot;size&quot;:35,&quot;sizes&quot;:[]},&quot;archive_cards_row_gap_widescreen&quot;:{&quot;unit&quot;:&quot;px&quot;,&quot;size&quot;:&quot;&quot;,&quot;sizes&quot;:[]},&quot;load_more_spinner&quot;:{&quot;value&quot;:&quot;fas fa-spinner&quot;,&quot;library&quot;:&quot;fa-solid&quot;}}\" data-widget_type=\"archive-posts.archive_cards\">\n\t\t\t\t\t\t\t<div class=\"elementor-posts-container elementor-posts elementor-posts--skin-cards elementor-grid\" role=\"list\">\r\n\t\t\t\t\t\t<div class=\"elementor-posts-nothing-found\">\r\n\t\t\t\t\tIt seems we can&#039;t find what you&#039;re looking for.\t\t\t\t<\/div>\r\n\t\t\t\t\t<\/div>\r\n\t\t\t\t\t<span class=\"e-load-more-spinner\">\r\n\t\t\t\t<svg aria-hidden=\"true\" class=\"e-font-icon-svg e-fas-spinner\" viewBox=\"0 0 512 512\" xmlns=\"http:\/\/www.w3.org\/2000\/svg\"><path d=\"M304 48c0 26.51-21.49 48-48 48s-48-21.49-48-48 21.49-48 48-48 48 21.49 48 48zm-48 368c-26.51 0-48 21.49-48 48s21.49 48 48 48 48-21.49 48-48-21.49-48-48-48zm208-208c-26.51 0-48 21.49-48 48s21.49 48 48 48 48-21.49 48-48-21.49-48-48-48zM96 256c0-26.51-21.49-48-48-48S0 229.49 0 256s21.49 48 48 48 48-21.49 48-48zm12.922 99.078c-26.51 0-48 21.49-48 48s21.49 48 48 48 48-21.49 48-48c0-26.509-21.491-48-48-48zm294.156 0c-26.51 0-48 21.49-48 48s21.49 48 48 48 48-21.49 48-48c0-26.509-21.49-48-48-48zM108.922 60.922c-26.51 0-48 21.49-48 48s21.49 48 48 48 48-21.49 48-48-21.491-48-48-48z\"><\/path><\/svg>\t\t\t<\/span>\r\n\t\t\r\n\t\t\t\t\t\t<\/div>\n\t\t\t\t<div class=\"elementor-element elementor-element-60adf87 elementor-widget elementor-widget-image\" data-id=\"60adf87\" data-element_type=\"widget\" data-e-type=\"widget\" alt=\"blog chocolatier Nice Alexis Monod chocolat artisanal\" data-widget_type=\"image.default\">\n\t\t\t\t\t\t\t\t\t\t\t\t\t\t\t<img fetchpriority=\"high\" decoding=\"async\" width=\"765\" height=\"1024\" src=\"https:\/\/alexismonod.com\/wp-content\/uploads\/2026\/03\/TOUTE-DERNIERE-PHOTO.webp\" class=\"attachment-large size-large wp-image-1371\" alt=\"Alexis qui pr\u00e9sente des chocolats \u00e0 Nice\" srcset=\"https:\/\/alexismonod.com\/wp-content\/uploads\/2026\/03\/TOUTE-DERNIERE-PHOTO.webp 765w, https:\/\/alexismonod.com\/wp-content\/uploads\/2026\/03\/TOUTE-DERNIERE-PHOTO-600x803.webp 600w, https:\/\/alexismonod.com\/wp-content\/uploads\/2026\/03\/TOUTE-DERNIERE-PHOTO-224x300.webp 224w\" sizes=\"(max-width: 765px) 100vw, 765px\" \/>\t\t\t\t\t\t\t\t\t\t\t\t\t\t\t<\/div>\n\t\t\t\t\t<\/div>\n\t\t<\/div>\n\t\t\t\t\t<\/div>\n\t\t<\/section>\n\t\t<div class=\"elementor-element elementor-element-5a9cebf e-flex e-con-boxed e-con e-parent\" data-id=\"5a9cebf\" data-element_type=\"container\" data-e-type=\"container\">\n\t\t\t\t\t<div class=\"e-con-inner\">\n\t\t\t\t<div class=\"elementor-element elementor-element-73af0ea elementor-widget elementor-widget-text-editor\" data-id=\"73af0ea\" data-element_type=\"widget\" data-e-type=\"widget\" data-widget_type=\"text-editor.default\">\n\t\t\t\t\t\t\t\t\t<p data-start=\"281\" data-end=\"513\">Le <strong data-start=\"284\" data-end=\"327\">blog du chocolatier \u00e0 Nice Alexis Monod<\/strong> vous plonge dans l\u2019univers du chocolat artisanal et des cr\u00e9ations gourmandes. Retrouvez nos actualit\u00e9s, nos nouveaut\u00e9s de saison ainsi que des conseils autour du chocolat haut de gamme.<\/p><p data-start=\"515\" data-end=\"742\">Install\u00e9 au c\u0153ur du<a href=\"https:\/\/www.nice.fr\" target=\"_blank\" rel=\"noopener\"> Vieux-Nice,<\/a> Alexis Monod partage son savoir-faire artisanal, ses inspirations et les coulisses de la fabrication de ses chocolats. Chaque article met en lumi\u00e8re la passion du m\u00e9tier et l\u2019exigence de qualit\u00e9.<\/p><p data-start=\"744\" data-end=\"903\">Suivez notre <strong data-start=\"757\" data-end=\"784\">blog chocolatier \u00e0 Nice<\/strong> pour d\u00e9couvrir nos collections, nos cr\u00e9ations exclusives et toutes les informations sur notre <a href=\"https:\/\/alexismonod.com\/\">chocolaterie artisanale<\/a>.<\/p>\t\t\t\t\t\t\t\t<\/div>\n\t\t\t\t\t<\/div>\n\t\t\t\t<\/div>\n\t\t\t\t<\/div>\n\t\t","protected":false},"excerpt":{"rendered":"<p>Blog Le blog du chocolatier \u00e0 Nice Alexis Monod vous plonge dans l\u2019univers du chocolat artisanal et des cr\u00e9ations gourmandes. Retrouvez nos actualit\u00e9s, nos nouveaut\u00e9s de saison ainsi que des conseils autour du chocolat haut de gamme. Install\u00e9 au c\u0153ur du Vieux-Nice, Alexis Monod partage son savoir-faire artisanal, ses inspirations et les coulisses de la [&hellip;]<\/p>\n","protected":false},"author":2,"featured_media":0,"parent":0,"menu_order":0,"comment_status":"closed","ping_status":"closed","template":"","meta":{"footnotes":""},"class_list":["post-1566","page","type-page","status-publish","hentry"],"yoast_head":"<!-- This site is optimized with the Yoast SEO plugin v27.5 - https:\/\/yoast.com\/product\/yoast-seo-wordpress\/ -->\n<title>Blog chocolatier \u00e0 Nice \u2013 Alexis Monod<\/title>\n<meta name=\"description\" content=\"D\u00e9couvrez le blog du chocolatier Alexis Monod \u00e0 Nice : actualit\u00e9s, cr\u00e9ations artisanales, conseils gourmands et nouveaut\u00e9s autour du chocolat\" \/>\n<meta name=\"robots\" content=\"index, follow, max-snippet:-1, max-image-preview:large, max-video-preview:-1\" \/>\n<link rel=\"canonical\" href=\"https:\/\/alexismonod.com\/blog-chocolatier-a-nice\/\" \/>\n<meta property=\"og:locale\" content=\"fr_FR\" \/>\n<meta property=\"og:type\" content=\"article\" \/>\n<meta property=\"og:title\" content=\"Blog chocolatier \u00e0 Nice \u2013 Alexis Monod\" \/>\n<meta property=\"og:description\" content=\"D\u00e9couvrez le blog du chocolatier Alexis Monod \u00e0 Nice : actualit\u00e9s, cr\u00e9ations artisanales, conseils gourmands et nouveaut\u00e9s autour du chocolat\" \/>\n<meta property=\"og:url\" content=\"https:\/\/alexismonod.com\/blog-chocolatier-a-nice\/\" \/>\n<meta property=\"og:site_name\" content=\"Alexis Monod\" \/>\n<meta property=\"article:publisher\" content=\"https:\/\/www.facebook.com\/chocolateriealexismonod\/\" \/>\n<meta property=\"article:modified_time\" content=\"2026-04-04T11:04:45+00:00\" \/>\n<meta property=\"og:image\" content=\"https:\/\/alexismonod.com\/wp-content\/uploads\/2026\/03\/TOUTE-DERNIERE-PHOTO.webp\" \/>\n<meta name=\"twitter:card\" content=\"summary_large_image\" \/>\n<meta name=\"twitter:label1\" content=\"Dur\u00e9e de lecture estim\u00e9e\" \/>\n\t<meta name=\"twitter:data1\" content=\"1 minute\" \/>\n<script type=\"application\/ld+json\" class=\"yoast-schema-graph\">{\"@context\":\"https:\\\/\\\/schema.org\",\"@graph\":[{\"@type\":\"WebPage\",\"@id\":\"https:\\\/\\\/alexismonod.com\\\/blog-chocolatier-a-nice\\\/\",\"url\":\"https:\\\/\\\/alexismonod.com\\\/blog-chocolatier-a-nice\\\/\",\"name\":\"Blog chocolatier \u00e0 Nice \u2013 Alexis Monod\",\"isPartOf\":{\"@id\":\"https:\\\/\\\/alexismonod.com\\\/#website\"},\"primaryImageOfPage\":{\"@id\":\"https:\\\/\\\/alexismonod.com\\\/blog-chocolatier-a-nice\\\/#primaryimage\"},\"image\":{\"@id\":\"https:\\\/\\\/alexismonod.com\\\/blog-chocolatier-a-nice\\\/#primaryimage\"},\"thumbnailUrl\":\"https:\\\/\\\/alexismonod.com\\\/wp-content\\\/uploads\\\/2026\\\/03\\\/TOUTE-DERNIERE-PHOTO.webp\",\"datePublished\":\"2026-03-16T15:28:22+00:00\",\"dateModified\":\"2026-04-04T11:04:45+00:00\",\"description\":\"D\u00e9couvrez le blog du chocolatier Alexis Monod \u00e0 Nice : actualit\u00e9s, cr\u00e9ations artisanales, conseils gourmands et nouveaut\u00e9s autour du chocolat\",\"breadcrumb\":{\"@id\":\"https:\\\/\\\/alexismonod.com\\\/blog-chocolatier-a-nice\\\/#breadcrumb\"},\"inLanguage\":\"fr-FR\",\"potentialAction\":[{\"@type\":\"ReadAction\",\"target\":[\"https:\\\/\\\/alexismonod.com\\\/blog-chocolatier-a-nice\\\/\"]}]},{\"@type\":\"ImageObject\",\"inLanguage\":\"fr-FR\",\"@id\":\"https:\\\/\\\/alexismonod.com\\\/blog-chocolatier-a-nice\\\/#primaryimage\",\"url\":\"https:\\\/\\\/alexismonod.com\\\/wp-content\\\/uploads\\\/2026\\\/03\\\/TOUTE-DERNIERE-PHOTO.webp\",\"contentUrl\":\"https:\\\/\\\/alexismonod.com\\\/wp-content\\\/uploads\\\/2026\\\/03\\\/TOUTE-DERNIERE-PHOTO.webp\",\"width\":765,\"height\":1024,\"caption\":\"Alexis qui pr\u00e9sente des chocolats \u00e0 Nice\"},{\"@type\":\"BreadcrumbList\",\"@id\":\"https:\\\/\\\/alexismonod.com\\\/blog-chocolatier-a-nice\\\/#breadcrumb\",\"itemListElement\":[{\"@type\":\"ListItem\",\"position\":1,\"name\":\"Accueil\",\"item\":\"https:\\\/\\\/alexismonod.com\\\/\"},{\"@type\":\"ListItem\",\"position\":2,\"name\":\"Blog\"}]},{\"@type\":\"WebSite\",\"@id\":\"https:\\\/\\\/alexismonod.com\\\/#website\",\"url\":\"https:\\\/\\\/alexismonod.com\\\/\",\"name\":\"Alexis Monod\",\"description\":\"\",\"publisher\":{\"@id\":\"https:\\\/\\\/alexismonod.com\\\/#organization\"},\"potentialAction\":[{\"@type\":\"SearchAction\",\"target\":{\"@type\":\"EntryPoint\",\"urlTemplate\":\"https:\\\/\\\/alexismonod.com\\\/?s={search_term_string}\"},\"query-input\":{\"@type\":\"PropertyValueSpecification\",\"valueRequired\":true,\"valueName\":\"search_term_string\"}}],\"inLanguage\":\"fr-FR\"},{\"@type\":\"Organization\",\"@id\":\"https:\\\/\\\/alexismonod.com\\\/#organization\",\"name\":\"Alexis Monod\",\"url\":\"https:\\\/\\\/alexismonod.com\\\/\",\"logo\":{\"@type\":\"ImageObject\",\"inLanguage\":\"fr-FR\",\"@id\":\"https:\\\/\\\/alexismonod.com\\\/#\\\/schema\\\/logo\\\/image\\\/\",\"url\":\"https:\\\/\\\/alexismonod.com\\\/wp-content\\\/uploads\\\/2026\\\/04\\\/logo.webp\",\"contentUrl\":\"https:\\\/\\\/alexismonod.com\\\/wp-content\\\/uploads\\\/2026\\\/04\\\/logo.webp\",\"width\":300,\"height\":300,\"caption\":\"Alexis Monod\"},\"image\":{\"@id\":\"https:\\\/\\\/alexismonod.com\\\/#\\\/schema\\\/logo\\\/image\\\/\"},\"sameAs\":[\"https:\\\/\\\/www.facebook.com\\\/chocolateriealexismonod\\\/\",\"https:\\\/\\\/www.instagram.com\\\/chocolateriealexismonod\\\/\"]}]}<\/script>\n<!-- \/ Yoast SEO plugin. -->","yoast_head_json":{"title":"Blog chocolatier \u00e0 Nice \u2013 Alexis Monod","description":"D\u00e9couvrez le blog du chocolatier Alexis Monod \u00e0 Nice : actualit\u00e9s, cr\u00e9ations artisanales, conseils gourmands et nouveaut\u00e9s autour du chocolat","robots":{"index":"index","follow":"follow","max-snippet":"max-snippet:-1","max-image-preview":"max-image-preview:large","max-video-preview":"max-video-preview:-1"},"canonical":"https:\/\/alexismonod.com\/blog-chocolatier-a-nice\/","og_locale":"fr_FR","og_type":"article","og_title":"Blog chocolatier \u00e0 Nice \u2013 Alexis Monod","og_description":"D\u00e9couvrez le blog du chocolatier Alexis Monod \u00e0 Nice : actualit\u00e9s, cr\u00e9ations artisanales, conseils gourmands et nouveaut\u00e9s autour du chocolat","og_url":"https:\/\/alexismonod.com\/blog-chocolatier-a-nice\/","og_site_name":"Alexis Monod","article_publisher":"https:\/\/www.facebook.com\/chocolateriealexismonod\/","article_modified_time":"2026-04-04T11:04:45+00:00","og_image":[{"url":"https:\/\/alexismonod.com\/wp-content\/uploads\/2026\/03\/TOUTE-DERNIERE-PHOTO.webp","type":"","width":"","height":""}],"twitter_card":"summary_large_image","twitter_misc":{"Dur\u00e9e de lecture estim\u00e9e":"1 minute"},"schema":{"@context":"https:\/\/schema.org","@graph":[{"@type":"WebPage","@id":"https:\/\/alexismonod.com\/blog-chocolatier-a-nice\/","url":"https:\/\/alexismonod.com\/blog-chocolatier-a-nice\/","name":"Blog chocolatier \u00e0 Nice \u2013 Alexis Monod","isPartOf":{"@id":"https:\/\/alexismonod.com\/#website"},"primaryImageOfPage":{"@id":"https:\/\/alexismonod.com\/blog-chocolatier-a-nice\/#primaryimage"},"image":{"@id":"https:\/\/alexismonod.com\/blog-chocolatier-a-nice\/#primaryimage"},"thumbnailUrl":"https:\/\/alexismonod.com\/wp-content\/uploads\/2026\/03\/TOUTE-DERNIERE-PHOTO.webp","datePublished":"2026-03-16T15:28:22+00:00","dateModified":"2026-04-04T11:04:45+00:00","description":"D\u00e9couvrez le blog du chocolatier Alexis Monod \u00e0 Nice : actualit\u00e9s, cr\u00e9ations artisanales, conseils gourmands et nouveaut\u00e9s autour du chocolat","breadcrumb":{"@id":"https:\/\/alexismonod.com\/blog-chocolatier-a-nice\/#breadcrumb"},"inLanguage":"fr-FR","potentialAction":[{"@type":"ReadAction","target":["https:\/\/alexismonod.com\/blog-chocolatier-a-nice\/"]}]},{"@type":"ImageObject","inLanguage":"fr-FR","@id":"https:\/\/alexismonod.com\/blog-chocolatier-a-nice\/#primaryimage","url":"https:\/\/alexismonod.com\/wp-content\/uploads\/2026\/03\/TOUTE-DERNIERE-PHOTO.webp","contentUrl":"https:\/\/alexismonod.com\/wp-content\/uploads\/2026\/03\/TOUTE-DERNIERE-PHOTO.webp","width":765,"height":1024,"caption":"Alexis qui pr\u00e9sente des chocolats \u00e0 Nice"},{"@type":"BreadcrumbList","@id":"https:\/\/alexismonod.com\/blog-chocolatier-a-nice\/#breadcrumb","itemListElement":[{"@type":"ListItem","position":1,"name":"Accueil","item":"https:\/\/alexismonod.com\/"},{"@type":"ListItem","position":2,"name":"Blog"}]},{"@type":"WebSite","@id":"https:\/\/alexismonod.com\/#website","url":"https:\/\/alexismonod.com\/","name":"Alexis Monod","description":"","publisher":{"@id":"https:\/\/alexismonod.com\/#organization"},"potentialAction":[{"@type":"SearchAction","target":{"@type":"EntryPoint","urlTemplate":"https:\/\/alexismonod.com\/?s={search_term_string}"},"query-input":{"@type":"PropertyValueSpecification","valueRequired":true,"valueName":"search_term_string"}}],"inLanguage":"fr-FR"},{"@type":"Organization","@id":"https:\/\/alexismonod.com\/#organization","name":"Alexis Monod","url":"https:\/\/alexismonod.com\/","logo":{"@type":"ImageObject","inLanguage":"fr-FR","@id":"https:\/\/alexismonod.com\/#\/schema\/logo\/image\/","url":"https:\/\/alexismonod.com\/wp-content\/uploads\/2026\/04\/logo.webp","contentUrl":"https:\/\/alexismonod.com\/wp-content\/uploads\/2026\/04\/logo.webp","width":300,"height":300,"caption":"Alexis Monod"},"image":{"@id":"https:\/\/alexismonod.com\/#\/schema\/logo\/image\/"},"sameAs":["https:\/\/www.facebook.com\/chocolateriealexismonod\/","https:\/\/www.instagram.com\/chocolateriealexismonod\/"]}]}},"_links":{"self":[{"href":"https:\/\/alexismonod.com\/wp-json\/wp\/v2\/pages\/1566","targetHints":{"allow":["GET"]}}],"collection":[{"href":"https:\/\/alexismonod.com\/wp-json\/wp\/v2\/pages"}],"about":[{"href":"https:\/\/alexismonod.com\/wp-json\/wp\/v2\/types\/page"}],"author":[{"embeddable":true,"href":"https:\/\/alexismonod.com\/wp-json\/wp\/v2\/users\/2"}],"replies":[{"embeddable":true,"href":"https:\/\/alexismonod.com\/wp-json\/wp\/v2\/comments?post=1566"}],"version-history":[{"count":26,"href":"https:\/\/alexismonod.com\/wp-json\/wp\/v2\/pages\/1566\/revisions"}],"predecessor-version":[{"id":31707,"href":"https:\/\/alexismonod.com\/wp-json\/wp\/v2\/pages\/1566\/revisions\/31707"}],"wp:attachment":[{"href":"https:\/\/alexismonod.com\/wp-json\/wp\/v2\/media?parent=1566"}],"curies":[{"name":"wp","href":"https:\/\/api.w.org\/{rel}","templated":true}]}}