{"id":9,"date":"2026-02-09T03:25:39","date_gmt":"2026-02-09T02:25:39","guid":{"rendered":"https:\/\/alexismonod.com\/?page_id=9"},"modified":"2026-03-12T08:38:47","modified_gmt":"2026-03-12T07:38:47","slug":"panier","status":"publish","type":"page","link":"https:\/\/alexismonod.com\/panier\/","title":{"rendered":"Panier"},"content":{"rendered":"\t\t<div data-elementor-type=\"wp-page\" data-elementor-id=\"9\" class=\"elementor elementor-9\" data-elementor-post-type=\"page\">\n\t\t\t\t\t\t<section class=\"elementor-section elementor-top-section elementor-element elementor-element-11447777 elementor-section-boxed elementor-section-height-default elementor-section-height-default\" data-id=\"11447777\" data-element_type=\"section\" data-e-type=\"section\">\n\t\t\t\t\t\t<div class=\"elementor-container elementor-column-gap-default\">\n\t\t\t\t\t<div class=\"elementor-column elementor-col-100 elementor-top-column elementor-element elementor-element-1ae5b4dd\" data-id=\"1ae5b4dd\" data-element_type=\"column\" data-e-type=\"column\">\n\t\t\t<div class=\"elementor-widget-wrap elementor-element-populated\">\n\t\t\t\t\t\t<section class=\"elementor-section elementor-inner-section elementor-element elementor-element-6ebcceeb elementor-section-boxed elementor-section-height-default elementor-section-height-default elementor-invisible\" data-id=\"6ebcceeb\" data-element_type=\"section\" data-e-type=\"section\" data-settings=\"{&quot;background_background&quot;:&quot;gradient&quot;,&quot;animation&quot;:&quot;fadeIn&quot;,&quot;animation_delay&quot;:200}\">\n\t\t\t\t\t\t\t<div class=\"elementor-background-overlay\"><\/div>\n\t\t\t\t\t\t\t<div class=\"elementor-container elementor-column-gap-default\">\n\t\t\t\t\t<div class=\"elementor-column elementor-col-100 elementor-inner-column elementor-element elementor-element-1acf7560\" data-id=\"1acf7560\" data-element_type=\"column\" data-e-type=\"column\">\n\t\t\t<div class=\"elementor-widget-wrap elementor-element-populated\">\n\t\t\t\t\t\t<div class=\"elementor-element elementor-element-72cfad0b elementor-widget elementor-widget-heading\" data-id=\"72cfad0b\" data-element_type=\"widget\" data-e-type=\"widget\" data-widget_type=\"heading.default\">\n\t\t\t\t\t<h1 class=\"elementor-heading-title elementor-size-default\">Mon panier<\/h1>\t\t\t\t<\/div>\n\t\t\t\t\t<\/div>\n\t\t<\/div>\n\t\t\t\t\t<\/div>\n\t\t<\/section>\n\t\t\t\t\t<\/div>\n\t\t<\/div>\n\t\t\t\t\t<\/div>\n\t\t<\/section>\n\t\t\t\t<section class=\"elementor-section elementor-top-section elementor-element elementor-element-467b1e6f elementor-section-boxed elementor-section-height-default elementor-section-height-default elementor-invisible\" data-id=\"467b1e6f\" data-element_type=\"section\" data-e-type=\"section\" data-settings=\"{&quot;animation&quot;:&quot;fadeIn&quot;,&quot;animation_delay&quot;:300}\">\n\t\t\t\t\t\t<div class=\"elementor-container elementor-column-gap-no\">\n\t\t\t\t\t<div class=\"elementor-column elementor-col-100 elementor-top-column elementor-element elementor-element-1fda9d48\" data-id=\"1fda9d48\" data-element_type=\"column\" data-e-type=\"column\">\n\t\t\t<div class=\"elementor-widget-wrap elementor-element-populated\">\n\t\t\t\t\t\t<div class=\"elementor-element elementor-element-22841e14 e-cart-layout-two-column elementor-widget elementor-widget-woocommerce-cart\" data-id=\"22841e14\" data-element_type=\"widget\" data-e-type=\"widget\" data-settings=\"{&quot;update_cart_automatically&quot;:&quot;yes&quot;}\" data-widget_type=\"woocommerce-cart.default\">\n\t\t\t\t<div class=\"elementor-widget-container\">\n\t\t\t\t\t<div class=\"woocommerce\"><div class=\"woocommerce-notices-wrapper\"><\/div><div class=\"wc-empty-cart-message\">\n\t<div class=\"cart-empty woocommerce-info\" role=\"status\">\n\t\tVotre panier est actuellement vide.\t<\/div>\n<\/div>\t<p class=\"return-to-shop\">\n\t\t<a class=\"button wc-backward\" href=\"https:\/\/alexismonod.com\/boutique-chocolatier-confiseur\/\">\n\t\t\tRetour \u00e0 la boutique\t\t<\/a>\n\t<\/p>\n<\/div>\t\t\t\t<\/div>\n\t\t\t\t<\/div>\n\t\t\t\t\t<\/div>\n\t\t<\/div>\n\t\t\t\t\t<\/div>\n\t\t<\/section>\n\t\t\t\t<\/div>\n\t\t","protected":false},"excerpt":{"rendered":"<p>Mon panier Supprimer l\u2019\u00e9l\u00e9ment Miniature Produit Prix Quantit\u00e9 Sous-total &times; Produit test 10,00&euro; quantit\u00e9 de Produit test 10,00&euro; R\u00e9capitulatif Sous-total 10,00&euro; Total 10,00&euro; Finaliser ma commande<\/p>\n","protected":false},"author":1,"featured_media":0,"parent":0,"menu_order":0,"comment_status":"closed","ping_status":"closed","template":"","meta":{"footnotes":""},"class_list":["post-9","page","type-page","status-publish","hentry"],"yoast_head":"<!-- This site is optimized with the Yoast SEO plugin v27.4 - https:\/\/yoast.com\/product\/yoast-seo-wordpress\/ -->\n<title>Panier - Alexis Monod<\/title>\n<meta name=\"robots\" content=\"index, follow, max-snippet:-1, max-image-preview:large, max-video-preview:-1\" \/>\n<link rel=\"canonical\" href=\"https:\/\/alexismonod.com\/panier\/\" \/>\n<meta property=\"og:locale\" content=\"fr_FR\" \/>\n<meta property=\"og:type\" content=\"article\" \/>\n<meta property=\"og:title\" content=\"Panier - Alexis Monod\" \/>\n<meta property=\"og:description\" content=\"Mon panier Supprimer l\u2019\u00e9l\u00e9ment Miniature Produit Prix Quantit\u00e9 Sous-total &times; Produit test 10,00&euro; quantit\u00e9 de Produit test 10,00&euro; R\u00e9capitulatif Sous-total 10,00&euro; Total 10,00&euro; Finaliser ma commande\" \/>\n<meta property=\"og:url\" content=\"https:\/\/alexismonod.com\/panier\/\" \/>\n<meta property=\"og:site_name\" content=\"Alexis Monod\" \/>\n<meta property=\"article:publisher\" content=\"https:\/\/www.facebook.com\/chocolateriealexismonod\/\" \/>\n<meta property=\"article:modified_time\" content=\"2026-03-12T07:38:47+00:00\" \/>\n<meta property=\"og:image\" content=\"https:\/\/alexismonod.com\/wp-content\/plugins\/woocommerce\/assets\/images\/placeholder.webp\" \/>\n<meta name=\"twitter:card\" content=\"summary_large_image\" \/>\n<script type=\"application\/ld+json\" class=\"yoast-schema-graph\">{\"@context\":\"https:\\\/\\\/schema.org\",\"@graph\":[{\"@type\":\"WebPage\",\"@id\":\"https:\\\/\\\/alexismonod.com\\\/panier\\\/\",\"url\":\"https:\\\/\\\/alexismonod.com\\\/panier\\\/\",\"name\":\"Panier - Alexis Monod\",\"isPartOf\":{\"@id\":\"https:\\\/\\\/alexismonod.com\\\/#website\"},\"primaryImageOfPage\":{\"@id\":\"https:\\\/\\\/alexismonod.com\\\/panier\\\/#primaryimage\"},\"image\":{\"@id\":\"https:\\\/\\\/alexismonod.com\\\/panier\\\/#primaryimage\"},\"thumbnailUrl\":\"https:\\\/\\\/alexismonod.com\\\/wp-content\\\/plugins\\\/woocommerce\\\/assets\\\/images\\\/placeholder.webp\",\"datePublished\":\"2026-02-09T02:25:39+00:00\",\"dateModified\":\"2026-03-12T07:38:47+00:00\",\"breadcrumb\":{\"@id\":\"https:\\\/\\\/alexismonod.com\\\/panier\\\/#breadcrumb\"},\"inLanguage\":\"fr-FR\",\"potentialAction\":[{\"@type\":\"ReadAction\",\"target\":[\"https:\\\/\\\/alexismonod.com\\\/panier\\\/\"]}]},{\"@type\":\"ImageObject\",\"inLanguage\":\"fr-FR\",\"@id\":\"https:\\\/\\\/alexismonod.com\\\/panier\\\/#primaryimage\",\"url\":\"https:\\\/\\\/alexismonod.com\\\/wp-content\\\/plugins\\\/woocommerce\\\/assets\\\/images\\\/placeholder.webp\",\"contentUrl\":\"https:\\\/\\\/alexismonod.com\\\/wp-content\\\/plugins\\\/woocommerce\\\/assets\\\/images\\\/placeholder.webp\"},{\"@type\":\"BreadcrumbList\",\"@id\":\"https:\\\/\\\/alexismonod.com\\\/panier\\\/#breadcrumb\",\"itemListElement\":[{\"@type\":\"ListItem\",\"position\":1,\"name\":\"Accueil\",\"item\":\"https:\\\/\\\/alexismonod.com\\\/\"},{\"@type\":\"ListItem\",\"position\":2,\"name\":\"Panier\"}]},{\"@type\":\"WebSite\",\"@id\":\"https:\\\/\\\/alexismonod.com\\\/#website\",\"url\":\"https:\\\/\\\/alexismonod.com\\\/\",\"name\":\"Alexis Monod\",\"description\":\"\",\"publisher\":{\"@id\":\"https:\\\/\\\/alexismonod.com\\\/#organization\"},\"potentialAction\":[{\"@type\":\"SearchAction\",\"target\":{\"@type\":\"EntryPoint\",\"urlTemplate\":\"https:\\\/\\\/alexismonod.com\\\/?s={search_term_string}\"},\"query-input\":{\"@type\":\"PropertyValueSpecification\",\"valueRequired\":true,\"valueName\":\"search_term_string\"}}],\"inLanguage\":\"fr-FR\"},{\"@type\":\"Organization\",\"@id\":\"https:\\\/\\\/alexismonod.com\\\/#organization\",\"name\":\"Alexis Monod\",\"url\":\"https:\\\/\\\/alexismonod.com\\\/\",\"logo\":{\"@type\":\"ImageObject\",\"inLanguage\":\"fr-FR\",\"@id\":\"https:\\\/\\\/alexismonod.com\\\/#\\\/schema\\\/logo\\\/image\\\/\",\"url\":\"https:\\\/\\\/alexismonod.com\\\/wp-content\\\/uploads\\\/2026\\\/04\\\/logo.webp\",\"contentUrl\":\"https:\\\/\\\/alexismonod.com\\\/wp-content\\\/uploads\\\/2026\\\/04\\\/logo.webp\",\"width\":300,\"height\":300,\"caption\":\"Alexis Monod\"},\"image\":{\"@id\":\"https:\\\/\\\/alexismonod.com\\\/#\\\/schema\\\/logo\\\/image\\\/\"},\"sameAs\":[\"https:\\\/\\\/www.facebook.com\\\/chocolateriealexismonod\\\/\",\"https:\\\/\\\/www.instagram.com\\\/chocolateriealexismonod\\\/\"]}]}<\/script>\n<!-- \/ Yoast SEO plugin. -->","yoast_head_json":{"title":"Panier - Alexis Monod","robots":{"index":"index","follow":"follow","max-snippet":"max-snippet:-1","max-image-preview":"max-image-preview:large","max-video-preview":"max-video-preview:-1"},"canonical":"https:\/\/alexismonod.com\/panier\/","og_locale":"fr_FR","og_type":"article","og_title":"Panier - Alexis Monod","og_description":"Mon panier Supprimer l\u2019\u00e9l\u00e9ment Miniature Produit Prix Quantit\u00e9 Sous-total &times; Produit test 10,00&euro; quantit\u00e9 de Produit test 10,00&euro; R\u00e9capitulatif Sous-total 10,00&euro; Total 10,00&euro; Finaliser ma commande","og_url":"https:\/\/alexismonod.com\/panier\/","og_site_name":"Alexis Monod","article_publisher":"https:\/\/www.facebook.com\/chocolateriealexismonod\/","article_modified_time":"2026-03-12T07:38:47+00:00","og_image":[{"url":"https:\/\/alexismonod.com\/wp-content\/plugins\/woocommerce\/assets\/images\/placeholder.webp","type":"","width":"","height":""}],"twitter_card":"summary_large_image","schema":{"@context":"https:\/\/schema.org","@graph":[{"@type":"WebPage","@id":"https:\/\/alexismonod.com\/panier\/","url":"https:\/\/alexismonod.com\/panier\/","name":"Panier - Alexis Monod","isPartOf":{"@id":"https:\/\/alexismonod.com\/#website"},"primaryImageOfPage":{"@id":"https:\/\/alexismonod.com\/panier\/#primaryimage"},"image":{"@id":"https:\/\/alexismonod.com\/panier\/#primaryimage"},"thumbnailUrl":"https:\/\/alexismonod.com\/wp-content\/plugins\/woocommerce\/assets\/images\/placeholder.webp","datePublished":"2026-02-09T02:25:39+00:00","dateModified":"2026-03-12T07:38:47+00:00","breadcrumb":{"@id":"https:\/\/alexismonod.com\/panier\/#breadcrumb"},"inLanguage":"fr-FR","potentialAction":[{"@type":"ReadAction","target":["https:\/\/alexismonod.com\/panier\/"]}]},{"@type":"ImageObject","inLanguage":"fr-FR","@id":"https:\/\/alexismonod.com\/panier\/#primaryimage","url":"https:\/\/alexismonod.com\/wp-content\/plugins\/woocommerce\/assets\/images\/placeholder.webp","contentUrl":"https:\/\/alexismonod.com\/wp-content\/plugins\/woocommerce\/assets\/images\/placeholder.webp"},{"@type":"BreadcrumbList","@id":"https:\/\/alexismonod.com\/panier\/#breadcrumb","itemListElement":[{"@type":"ListItem","position":1,"name":"Accueil","item":"https:\/\/alexismonod.com\/"},{"@type":"ListItem","position":2,"name":"Panier"}]},{"@type":"WebSite","@id":"https:\/\/alexismonod.com\/#website","url":"https:\/\/alexismonod.com\/","name":"Alexis Monod","description":"","publisher":{"@id":"https:\/\/alexismonod.com\/#organization"},"potentialAction":[{"@type":"SearchAction","target":{"@type":"EntryPoint","urlTemplate":"https:\/\/alexismonod.com\/?s={search_term_string}"},"query-input":{"@type":"PropertyValueSpecification","valueRequired":true,"valueName":"search_term_string"}}],"inLanguage":"fr-FR"},{"@type":"Organization","@id":"https:\/\/alexismonod.com\/#organization","name":"Alexis Monod","url":"https:\/\/alexismonod.com\/","logo":{"@type":"ImageObject","inLanguage":"fr-FR","@id":"https:\/\/alexismonod.com\/#\/schema\/logo\/image\/","url":"https:\/\/alexismonod.com\/wp-content\/uploads\/2026\/04\/logo.webp","contentUrl":"https:\/\/alexismonod.com\/wp-content\/uploads\/2026\/04\/logo.webp","width":300,"height":300,"caption":"Alexis Monod"},"image":{"@id":"https:\/\/alexismonod.com\/#\/schema\/logo\/image\/"},"sameAs":["https:\/\/www.facebook.com\/chocolateriealexismonod\/","https:\/\/www.instagram.com\/chocolateriealexismonod\/"]}]}},"_links":{"self":[{"href":"https:\/\/alexismonod.com\/wp-json\/wp\/v2\/pages\/9","targetHints":{"allow":["GET"]}}],"collection":[{"href":"https:\/\/alexismonod.com\/wp-json\/wp\/v2\/pages"}],"about":[{"href":"https:\/\/alexismonod.com\/wp-json\/wp\/v2\/types\/page"}],"author":[{"embeddable":true,"href":"https:\/\/alexismonod.com\/wp-json\/wp\/v2\/users\/1"}],"replies":[{"embeddable":true,"href":"https:\/\/alexismonod.com\/wp-json\/wp\/v2\/comments?post=9"}],"version-history":[{"count":22,"href":"https:\/\/alexismonod.com\/wp-json\/wp\/v2\/pages\/9\/revisions"}],"predecessor-version":[{"id":513,"href":"https:\/\/alexismonod.com\/wp-json\/wp\/v2\/pages\/9\/revisions\/513"}],"wp:attachment":[{"href":"https:\/\/alexismonod.com\/wp-json\/wp\/v2\/media?parent=9"}],"curies":[{"name":"wp","href":"https:\/\/api.w.org\/{rel}","templated":true}]}}